{"id":1185,"date":"2023-01-18T16:06:06","date_gmt":"2023-01-18T16:06:06","guid":{"rendered":"https:\/\/tiptop.ee\/?page_id=1185"},"modified":"2023-01-26T19:57:39","modified_gmt":"2023-01-26T19:57:39","slug":"modereerimine","status":"publish","type":"page","link":"https:\/\/tiptop.ee\/en\/modereerimine\/","title":{"rendered":"Moderation"},"content":{"rendered":"<p>We are here to help if you want to organize an information day, seminar, meeting, discussion group, panel\ndiscussion, workshop or any other events and you need an impartial moderator for your event.<\/p>\n\n\n\n<p>For us, it can be both a longer business relationship or a short working time. If you are interested, <a href=\"https:\/\/tiptop.ee\/en\/kontakt\/\" data-type=\"page\" data-id=\"1184\">feel free to get in touch!<\/a>!<\/p>","protected":false},"excerpt":{"rendered":"<p>Oleme abiks kui soovid korraldada infop\u00e4eva, seminari, koosolekut, vestlusringi, paneelarutelu, t\u00f6\u00f6tuba v\u00f5i mis tahes muid s\u00fcndmusi ja vajad oma \u00fcritusele erapooletut moderaatorit. Meie jaoks v\u00f5ib see olla nii pikem t\u00f6\u00f6suhe kui l\u00fchike t\u00f6\u00f6amps. Kui on huvi, v\u00f5ta julgesti \u00fchendust!<\/p>","protected":false},"author":1,"featured_media":0,"parent":0,"menu_order":0,"comment_status":"closed","ping_status":"closed","template":"","meta":{"footnotes":""},"class_list":["post-1185","page","type-page","status-publish","hentry"],"_links":{"self":[{"href":"https:\/\/tiptop.ee\/en\/wp-json\/wp\/v2\/pages\/1185","targetHints":{"allow":["GET"]}}],"collection":[{"href":"https:\/\/tiptop.ee\/en\/wp-json\/wp\/v2\/pages"}],"about":[{"href":"https:\/\/tiptop.ee\/en\/wp-json\/wp\/v2\/types\/page"}],"author":[{"embeddable":true,"href":"https:\/\/tiptop.ee\/en\/wp-json\/wp\/v2\/users\/1"}],"replies":[{"embeddable":true,"href":"https:\/\/tiptop.ee\/en\/wp-json\/wp\/v2\/comments?post=1185"}],"version-history":[{"count":2,"href":"https:\/\/tiptop.ee\/en\/wp-json\/wp\/v2\/pages\/1185\/revisions"}],"predecessor-version":[{"id":1297,"href":"https:\/\/tiptop.ee\/en\/wp-json\/wp\/v2\/pages\/1185\/revisions\/1297"}],"wp:attachment":[{"href":"https:\/\/tiptop.ee\/en\/wp-json\/wp\/v2\/media?parent=1185"}],"curies":[{"name":"wp","href":"https:\/\/api.w.org\/{rel}","templated":true}]}}