{"id":1187,"date":"2023-01-18T16:01:27","date_gmt":"2023-01-18T16:01:27","guid":{"rendered":"https:\/\/tiptop.ee\/?page_id=1187"},"modified":"2023-01-26T20:16:22","modified_gmt":"2023-01-26T20:16:22","slug":"intervjueerimine","status":"publish","type":"page","link":"https:\/\/tiptop.ee\/en\/intervjueerimine\/","title":{"rendered":"Interviewing"},"content":{"rendered":"<p>We are here to help if you need an interviewer. The need to interview people can be both project-based and\nrelated to the management of company or organizational processes. <\/p>\n\n\n\n<p>For us, it can be both a longer business relationship or a short working time. If you are interested, <a href=\"https:\/\/tiptop.ee\/en\/kontakt\/\" data-type=\"page\" data-id=\"1184\">feel free to get in touch!<\/a>!<\/p>","protected":false},"excerpt":{"rendered":"<p>Oleme abiks kui vajad intervjueerijat. Vajadus inimesi intervjueerida v\u00f5ib olla nii projektip\u00f5hine kui ettev\u00f5tte v\u00f5i organisatsiooni protsesside\u00a0 juhtimisega seotud. Meie jaoks v\u00f5ib see olla nii pikem t\u00f6\u00f6suhe kui l\u00fchike t\u00f6\u00f6amps. Kui on huvi, v\u00f5ta julgesti \u00fchendust!<\/p>","protected":false},"author":1,"featured_media":0,"parent":0,"menu_order":0,"comment_status":"closed","ping_status":"closed","template":"","meta":{"footnotes":""},"class_list":["post-1187","page","type-page","status-publish","hentry"],"_links":{"self":[{"href":"https:\/\/tiptop.ee\/en\/wp-json\/wp\/v2\/pages\/1187","targetHints":{"allow":["GET"]}}],"collection":[{"href":"https:\/\/tiptop.ee\/en\/wp-json\/wp\/v2\/pages"}],"about":[{"href":"https:\/\/tiptop.ee\/en\/wp-json\/wp\/v2\/types\/page"}],"author":[{"embeddable":true,"href":"https:\/\/tiptop.ee\/en\/wp-json\/wp\/v2\/users\/1"}],"replies":[{"embeddable":true,"href":"https:\/\/tiptop.ee\/en\/wp-json\/wp\/v2\/comments?post=1187"}],"version-history":[{"count":3,"href":"https:\/\/tiptop.ee\/en\/wp-json\/wp\/v2\/pages\/1187\/revisions"}],"predecessor-version":[{"id":1321,"href":"https:\/\/tiptop.ee\/en\/wp-json\/wp\/v2\/pages\/1187\/revisions\/1321"}],"wp:attachment":[{"href":"https:\/\/tiptop.ee\/en\/wp-json\/wp\/v2\/media?parent=1187"}],"curies":[{"name":"wp","href":"https:\/\/api.w.org\/{rel}","templated":true}]}}