{"id":1250,"date":"2023-01-18T17:34:31","date_gmt":"2023-01-18T17:34:31","guid":{"rendered":"https:\/\/tiptop.ee\/?page_id=1250"},"modified":"2023-01-26T19:56:00","modified_gmt":"2023-01-26T19:56:00","slug":"tutvustus","status":"publish","type":"page","link":"https:\/\/tiptop.ee\/en\/tutvustus\/","title":{"rendered":"About us"},"content":{"rendered":"<p>TipTop Konsulenti O\u00dc was founded on 17.12.1993, which previously had the business names AS\nVeterinaarpraksis, AS EDLV Konsulent, EDLV Konsulenti O\u00dc. If in earlier periods our main activity was related to\nveterinary medicine and agriculture, since 2003 the key word has been water management. To be more precise,\npublic water supply and sewerage business. Our skills and experience are management, consulting and\norganization. The main customers are all associations, unions and institutions related to public water supply and\nsewage.<\/p>\n\n\n\n<p>We want to be reliable partners in processes that would ensure the quality and sustainability of the water service\nand a happy living environment!<\/p>","protected":false},"excerpt":{"rendered":"<p>TipTop Konsulendi O\u00dc on asutatud 17.12.1993, mis on varasemalt kandnud \u00e4rinimesid AS Veterinaarpraksis, AS EDLV Konsulent, EDLV Konsulendi O\u00dc. Kui varasematel perioodidel oli meie p\u00f5hitegevus seotud veterinaaria ja p\u00f5llumajandusega, siis alates 2003 aastast on v\u00f5tmes\u00f5naks veemajandus. T\u00e4psemalt \u00f6eldes \u00fchisveev\u00e4rgi ja \u2013kanalisatsiooni ettev\u00f5tlus. Meie oskused ja kogemused on juhtimine, n\u00f5ustamine ja organiseerimine. Peamisteks klientideks on k\u00f5ik [&hellip;]<\/p>\n","protected":false},"author":1,"featured_media":0,"parent":0,"menu_order":0,"comment_status":"closed","ping_status":"closed","template":"","meta":{"footnotes":""},"class_list":["post-1250","page","type-page","status-publish","hentry"],"_links":{"self":[{"href":"https:\/\/tiptop.ee\/en\/wp-json\/wp\/v2\/pages\/1250","targetHints":{"allow":["GET"]}}],"collection":[{"href":"https:\/\/tiptop.ee\/en\/wp-json\/wp\/v2\/pages"}],"about":[{"href":"https:\/\/tiptop.ee\/en\/wp-json\/wp\/v2\/types\/page"}],"author":[{"embeddable":true,"href":"https:\/\/tiptop.ee\/en\/wp-json\/wp\/v2\/users\/1"}],"replies":[{"embeddable":true,"href":"https:\/\/tiptop.ee\/en\/wp-json\/wp\/v2\/comments?post=1250"}],"version-history":[{"count":2,"href":"https:\/\/tiptop.ee\/en\/wp-json\/wp\/v2\/pages\/1250\/revisions"}],"predecessor-version":[{"id":1296,"href":"https:\/\/tiptop.ee\/en\/wp-json\/wp\/v2\/pages\/1250\/revisions\/1296"}],"wp:attachment":[{"href":"https:\/\/tiptop.ee\/en\/wp-json\/wp\/v2\/media?parent=1250"}],"curies":[{"name":"wp","href":"https:\/\/api.w.org\/{rel}","templated":true}]}}