{"id":1285,"date":"2023-01-22T10:55:21","date_gmt":"2023-01-22T10:55:21","guid":{"rendered":"https:\/\/tiptop.ee\/?page_id=1285"},"modified":"2023-02-01T21:47:56","modified_gmt":"2023-02-01T21:47:56","slug":"supervisioon","status":"publish","type":"page","link":"https:\/\/tiptop.ee\/en\/supervisioon\/","title":{"rendered":"Supervision"},"content":{"rendered":"<p>We are here to help if you need systematic counseling in the development of a safer and more hopeful working\nenvironment, the center of which is the person in interaction with work tasks and work relationships. <\/p>\n\n\n\n<p>For us, it can be both a longer business relationship or a short working time. If you are interested, <a href=\"https:\/\/tiptop.ee\/en\/kontakt\/\" data-type=\"page\" data-id=\"1184\">feel free to get in touch!<\/a>!<\/p>","protected":false},"excerpt":{"rendered":"<p>Oleme abiks kui vajad s\u00fcsteemset n\u00f5ustamist turvalisema ja lootusrikkama t\u00f6\u00f6keskkonna arendamisel,\u00a0mille keskmes on inimene koostoimes t\u00f6\u00f6\u00fclesannete ja t\u00f6\u00f6suhetega. Meie jaoks v\u00f5ib see olla nii pikem t\u00f6\u00f6suhe kui l\u00fchike t\u00f6\u00f6amps. Kui on huvi, v\u00f5ta julgesti \u00fchendust!<\/p>","protected":false},"author":1,"featured_media":0,"parent":0,"menu_order":0,"comment_status":"closed","ping_status":"closed","template":"","meta":{"footnotes":""},"class_list":["post-1285","page","type-page","status-publish","hentry"],"_links":{"self":[{"href":"https:\/\/tiptop.ee\/en\/wp-json\/wp\/v2\/pages\/1285","targetHints":{"allow":["GET"]}}],"collection":[{"href":"https:\/\/tiptop.ee\/en\/wp-json\/wp\/v2\/pages"}],"about":[{"href":"https:\/\/tiptop.ee\/en\/wp-json\/wp\/v2\/types\/page"}],"author":[{"embeddable":true,"href":"https:\/\/tiptop.ee\/en\/wp-json\/wp\/v2\/users\/1"}],"replies":[{"embeddable":true,"href":"https:\/\/tiptop.ee\/en\/wp-json\/wp\/v2\/comments?post=1285"}],"version-history":[{"count":3,"href":"https:\/\/tiptop.ee\/en\/wp-json\/wp\/v2\/pages\/1285\/revisions"}],"predecessor-version":[{"id":1342,"href":"https:\/\/tiptop.ee\/en\/wp-json\/wp\/v2\/pages\/1285\/revisions\/1342"}],"wp:attachment":[{"href":"https:\/\/tiptop.ee\/en\/wp-json\/wp\/v2\/media?parent=1285"}],"curies":[{"name":"wp","href":"https:\/\/api.w.org\/{rel}","templated":true}]}}